{"id":218,"date":"2025-06-26T03:21:58","date_gmt":"2025-06-26T01:21:58","guid":{"rendered":"https:\/\/ecudocufilm.com\/crisis\/?page_id=218"},"modified":"2025-07-07T01:42:40","modified_gmt":"2025-07-06T23:42:40","slug":"el-nosotros-un-caminar","status":"publish","type":"page","link":"https:\/\/ecudocufilm.com\/crisis\/el-nosotros-un-caminar\/","title":{"rendered":"El &#8216;Nosotros&#8217;, un caminar"},"content":{"rendered":"\n<p class=\"has-roboto-slab-font-family has-medium-font-size\"><em>Solo un pueblo con memoria sobrevive<\/em>, menciona <strong>Wilma Granda, <\/strong>exdirectora de la <a href=\"https:\/\/cinematecanacionalcce.com\" target=\"_blank\" rel=\"noreferrer noopener\">Cinemateca Nacional<\/a>. <strong>Cinemateca:<\/strong> lugar donde se preserva la memoria del movimiento, permitiendo contar con un archivo vivo que nos recuerde qui\u00e9nes \u00e9ramos y somos, para as\u00ed poder empujar un &#8216;seremos&#8217;, que cimiente un futuro donde el Ecuador, en palabras de <strong>Jorgenrique Adoum, <\/strong>\u00abdeje de ser un &#8216;pret\u00e9rito presente'\u00bb.<\/p>\n\n\n<p style=\"opacity: 0;\" superb-addons-animation=\"zoomInUp\"><iframe src='https:\/\/cdn.knightlab.com\/libs\/timeline3\/latest\/embed\/index.html?source=v2%3A2PACX-1vT_eutcjD90ohifGk4F5ewUoghxnBVImruxbC1jtzfletC-FGW2eK0ASeczJ2c_1ihX_UcWIbXufdf-&#038;font=Georgia-Helvetica&#038;lang=en&#038;initial_zoom=2&#038;width=100%25&#038;height=650' width='100%' height='650' webkitallowfullscreen mozallowfullscreen allowfullscreen frameborder='0'><\/iframe><\/p>\n\n\n\n<p class=\"has-roboto-slab-font-family\"><strong>La Cinemateca Nacional<\/strong> es el espacio donde la memoria audiovisual del pa\u00eds se preserva. M\u00e1s all\u00e1 de salvaguardar el archivo, la Cinemateca tiene el potencial de convertirse en una forma de educaci\u00f3n p\u00fablica, menciona <strong>Pa\u00fal Narv\u00e1ez, <\/strong>exdirector de la Cinemateca y documentalista. Esto, debido a que la ciudadan\u00eda tendr\u00eda acceso al archivo vivo y conocer\u00eda de cerca nuestra historia, para que no se convierta en olvido. El progreso no solo se mide en cu\u00e1nto se avanza tecnol\u00f3gicamente, sino en c\u00f3mo el recuerdo nutre al futuro.<\/p>\n\n\n\n<figure class=\"wp-block-pullquote has-roboto-slab-font-family has-superbfont-small-font-size\"><blockquote><p>Leemos poco porque tenemos poco acceso a los libros. Por ende, reflexionamos poco. Por lo que, si t\u00fa quieres comunicar algo, existen limitantes. Y construir un discurso se vuelve complejo. Eso pasa bastante en los alumnos.&nbsp;<\/p><cite><strong><em>Joce Deux, guionista y docente<\/em><\/strong>.<\/cite><\/blockquote><\/figure>\n\n\n\n<pre class=\"wp-block-verse has-roboto-slab-font-family\">La opini\u00f3n compartida de <a href=\"https:\/\/ecudocufilm.com\/crisis\/entrevistados\/\">todos los entrevistados<\/a> est\u00e1 enraizada en la conjetura de que la debilidad pa\u00eds, en el fortalecimiento de las artes, radica en la baja educaci\u00f3n que se imparte en escuelas y colegios sobre el consumo de las artes. Seg\u00fan datos de la <a href=\"https:\/\/portalcultural.culturaypatrimonio.gob.ec\/DCG_IVE\/webpages\/consultaVisitas.php\">Red de Museos Nacionales<\/a>, hasta 2022, solo siete de cada diez quite\u00f1os han visitado un museo en toda su vida.<\/pre>\n\n\n\n<p class=\"has-roboto-slab-font-family\">\u00abLas infancias necesitan construirse para luego construir\u00bb, menciona Pa\u00fal Narv\u00e1ez. Actualmente, el Ecuador sufre de un alto \u00edndice de inseguridad y delincuencia por realidades que se han sostenido en el tiempo de los diferentes poderes gubernamentales.<\/p>\n\n\n\n<p class=\"has-roboto-slab-font-family\">Las peque\u00f1as iniciativas que toman diferentes colectivos para promover el arte se ven limitadas por la falta de presupuesto para su gesti\u00f3n. Un ejemplo de esto es el <strong><a href=\"https:\/\/festivaledoc.org\" target=\"_blank\" rel=\"noreferrer noopener\">Festival EDOC<\/a>; <\/strong>su directora, Lisandra Rivera, comenta que le encantar\u00eda retribuir econ\u00f3micamente a sus pasantes. Sin embargo, la realidad del festival es que necesita un financiamiento permanente y estable, para poder ofrecer un empleo digno.<\/p>\n\n\n\n<p class=\"has-roboto-slab-font-family\">La intromisi\u00f3n del crimen organizado en la cotidianidad del pa\u00eds ha eliminado la motivaci\u00f3n de las audiencias por asistir a salas. Lisandra Rivera comenta que el miedo actual a la inseguridad hace que las personas rechacen la idea de salir por la noche; sin embargo, el horario nocturno es el preferido para programar funciones, ya que las audiencias predilectas terminan sus jornadas en esas horas.<\/p>\n\n\n\n<p class=\"has-roboto-slab-font-family\">De igual manera, la nueva realidad de las plataformas de <strong><em>streaming<\/em>,<\/strong> ha hecho que la ciudadan\u00eda se sienta m\u00e1s c\u00f3moda y segura en la comodidad de su hogar para ver pel\u00edculas. En cualquier dispositivo, la obra guardar\u00e1 la emoci\u00f3n; sin embargo, se pierde la experiencia colectiva e inmersiva de la pantalla grande. <strong>Pa\u00fal Narv\u00e1ez <\/strong>menciona que la gente quiere expresarse, y un espacio donde se puede retomar esta realidad colectiva es el <strong><em>Cine Club<\/em><\/strong>, que es un lugar donde el tiempo de la conversaci\u00f3n es extenso y nos permite ser narradores y no perder el don de la oralidad, la presencia y el reconocimiento propio en el otro.<\/p>\n\n\n\n<p class=\"has-roboto-slab-font-family\"><strong>Wilma Granda<\/strong> menciona que, para combatir la indecibilidad, se debe preservar la voz de los d\u00e9biles. No se puede construir un &#8216;nosotros pa\u00eds&#8217; si olvidamos a quienes estuvieron primero en esta tierra sin nombre, los que guardan los secretos de la naturaleza y le dan voz para que no muera. El cine ecuatoriano no estar\u00eda completo sin las voces de los pueblos originarios.<\/p>\n\n\n\n<p class=\"has-roboto-slab-font-family\">Desde la comunidad de <strong>Sarayaku, <\/strong>en la selva amaz\u00f3nica de Pastaza, <strong>Eriberto Gualinga <\/strong>\u2013cineasta\u2013 menciona que una forma para seguir viviendo en paz es ser noticia desde el cine, para que as\u00ed el nombre de Sarayaku no caiga: \u201cSi no te visibilizan como pueblo, no existes\u201d.<\/p>\n\n\n\n<p class=\"has-roboto-slab-font-family\">\u201cMi pueblo necesitaba ese documental\u201d. El primer documental de Eriberto, <strong><em><a href=\"https:\/\/www.youtube.com\/watch?v=nnLvVNsUmnY\" target=\"_blank\" rel=\"noreferrer noopener\">Soy Defensor de la Selva<\/a><\/em><\/strong> (2003), logr\u00f3 mostrar a su comunidad como un colectivo pac\u00edfico, hecho opuesto al discurso petrolero que tergiversaba la realidad del pueblo originario de Sarayaku, con la finalidad de explotar sus recursos. Los medios apoyaron la difusi\u00f3n del documental y eso hizo que el estereotipo amaz\u00f3nico del salvaje se disipara.<\/p>\n\n\n\n<figure class=\"wp-block-embed is-type-video is-provider-tiktok wp-block-embed-tiktok\"><div class=\"wp-block-embed__wrapper\">\n<blockquote class=\"tiktok-embed\" cite=\"https:\/\/www.tiktok.com\/@chabelina28\/video\/7521968670155738424\" data-video-id=\"7521968670155738424\" data-embed-from=\"oembed\" style=\"max-width:605px; min-width:325px;\"> <section> <a target=\"_blank\" title=\"@chabelina28\" href=\"https:\/\/www.tiktok.com\/@chabelina28?refer=embed\">@chabelina28<\/a> <p>Eriberto Gualinga primer cineasta de la Amazon\u00eda ecuatoriano cuenta la importancia del cine para su pueblo originario: Sarayaku y por qu\u00e9 el arte de contar historias es tan necesario para preservar la cultura.3 <a title=\"ecuador\" target=\"_blank\" href=\"https:\/\/www.tiktok.com\/tag\/ecuador?refer=embed\">#ecuador<\/a> <a title=\"cine\" target=\"_blank\" href=\"https:\/\/www.tiktok.com\/tag\/cine?refer=embed\">#cine<\/a> <a title=\"amazonia_ecuador\" target=\"_blank\" href=\"https:\/\/www.tiktok.com\/tag\/amazonia_ecuador?refer=embed\">#amazonia_ecuador<\/a> <a title=\"cineecuatoriano\ud83c\udfac\" target=\"_blank\" href=\"https:\/\/www.tiktok.com\/tag\/cineecuatoriano%F0%9F%8E%AC?refer=embed\">#cineecuatoriano\ud83c\udfac<\/a> <a title=\"cineecuatoriano\" target=\"_blank\" href=\"https:\/\/www.tiktok.com\/tag\/cineecuatoriano?refer=embed\">#cineecuatoriano<\/a> <a title=\"selva\" target=\"_blank\" href=\"https:\/\/www.tiktok.com\/tag\/selva?refer=embed\">#selva<\/a><\/p> <a target=\"_blank\" title=\"\u266c original sound - Melissa Isabell - Melissa Isabell\" href=\"https:\/\/www.tiktok.com\/music\/original-sound-Melissa-Isabell-7521968689542105862?refer=embed\">\u266c original sound &#8211; Melissa Isabell &#8211; Melissa Isabell<\/a> <\/section> <\/blockquote> <script async src=\"https:\/\/www.tiktok.com\/embed.js\"><\/script>\n<\/div><\/figure>\n\n\n\n<p class=\"has-roboto-slab-font-family\">Eriberto contin\u00faa su labor como cineasta, porque \u00absin im\u00e1genes, la gente no te cree\u00bb. Su sue\u00f1o es hacer ficci\u00f3n: contar los mitos y leyendas de la Amazon\u00eda, por lo que quiere capacitar a su comunidad para tener actores y actrices locales.<\/p>\n\n\n\n<p class=\"has-roboto-slab-font-family\">Su comunidad est\u00e1 apasionada por su trabajo y siempre est\u00e1 atenta \u00aba ver qu\u00e9 propone este loco\u00bb. Los j\u00f3venes de Sarayaku est\u00e1n motivados a contar historias. Eriberto piensa que, a futuro, alguien de su comunidad estudiar\u00e1 cine formalmente; despu\u00e9s de todo, \u00e9l se form\u00f3 en talleres en Estados Unidos, Chile, Europa. Sin embargo, menciona que el espacio que m\u00e1s le ense\u00f1\u00f3 sobre el cine fue <strong>ASOCINE.<\/strong><\/p>\n\n\n\n<p class=\"has-roboto-slab-font-family\">Eriberto declara que su primer acercamiento al cine fue a trav\u00e9s de las pel\u00edculas que tra\u00edan los curas: Rocky, Rambo, entre otros t\u00edtulos. Le fascinaron y fueron construyendo su caminar en un espacio ausente de lugares de proyecci\u00f3n. Por ello, el consumo en los celulares ha significado una \u00abadicci\u00f3n\u00bb en los j\u00f3venes.<\/p>\n\n\n\n<p class=\"has-roboto-slab-font-family\">La realidad de las salas se ve reflejada a nivel nacional. <strong>Lisandra Rivera <\/strong>comenta que las salas est\u00e1n en mal estado y ya no son funcionales. \u00bfC\u00f3mo puede llegar un p\u00fablico a ver cine ecuatoriano si no tiene d\u00f3nde estar?<\/p>\n\n\n\n<p class=\"has-roboto-slab-font-family\"><strong>Tito Jara, <\/strong>director y productor, comenta que existen diferentes audiencias y no todas buscan ver lo mismo en el cine. El cine comercial y el cine de autor tienen diferentes p\u00fablicos objetivos, por lo que se debe pensar en distintos espacios de difusi\u00f3n, para que cada espectador encuentre lo que quiere ver y salga satisfecho de su funci\u00f3n.<\/p>\n\n\n\n<p class=\"has-roboto-slab-font-family\">Sin embargo, est\u00e1 realidad es id\u00edlica. <strong>Martina Aulestia, <\/strong>estudiante de cine de la <strong><a href=\"https:\/\/www.instagram.com\/cineudlaec\/\" target=\"_blank\" rel=\"noreferrer noopener\">UDLA<\/a>, <\/strong>comenta que no se tiene el dinero suficiente, ni para ir a salas, ni para pagar varios servicios de <em>streaming<\/em>. El cine deber\u00eda ser, pero no es de f\u00e1cil acceso. <strong>Aisha Maldonado, <\/strong>otra estudiante de segundo semestre, menciona que las salas independientes en la ciudad de Quito est\u00e1n centralizadas y privilegian a ciertos sectores de la ciudad.<\/p>\n\n\n\n<figure class=\"wp-block-pullquote has-roboto-slab-font-family has-superbfont-small-font-size\"><blockquote><p>\u201cSi el cine ecuatoriano no estuviera en crisis, estar\u00eda vigente\u201d.<\/p><cite><strong><em>Wilma Granda, Exdirectora de la Cinemateca Nacional<\/em>.<\/strong><\/cite><\/blockquote><\/figure>\n\n\n\n<p class=\"has-roboto-slab-font-family\">La era digital se ha tomado el mundo: ha hecho que las formas de promoci\u00f3n y difusi\u00f3n de las producciones busquen en los nuevos entornos del <em><strong>socialmedia<\/strong><\/em> el lugar para captar nuevos p\u00fablicos. Principalmente, a la juventud.<\/p>\n\n\n\n<p class=\"has-roboto-slab-font-family\">Existen proyectos digitales que ayudan a la promoci\u00f3n y difusi\u00f3n del cine nacional, entre ellos <strong><a href=\"https:\/\/radiococoa.com\" target=\"_blank\" rel=\"noreferrer noopener\">Radio Cocoa<\/a>, <\/strong>medio digital adscrito a la <strong><a href=\"https:\/\/www.usfq.edu.ec\/es\/colegios-academicos\/colegio-de-comunicacion-y-artes-contemporaneas\">Universidad San Francisco de Quito<\/a>, <\/strong>que visibiliza eventos, proyectos y creadores emergentes de diferentes artes y espacios culturales. \u00ab\u00bfPara qu\u00e9 hacemos esto?\u00bb es la pregunta que <strong>Marx Corella<\/strong> y <strong>Ricardo Semp\u00e9rtegui<\/strong> se hacen, d\u00eda a d\u00eda, al trabajar en el medio digital Radio Cocoa.<\/p>\n\n\n\n<p><\/p>\n\n\n<div id=\"metaslider-id-983\" style=\"width: 100%; margin: 0 auto;\" class=\"ml-slider-3-100-1 metaslider metaslider-flex metaslider-983 ml-slider ms-theme-default-base has-dots-nav\" role=\"region\" aria-label=\"Nueva presentaci\u00f3n de diapositivas\" data-height=\"500\" data-width=\"500\">\n    <div id=\"metaslider_container_983\">\n        <div id=\"metaslider_983\">\n            <ul class='slides'>\n                <li style=\"display: block; width: 100%;\" class=\"slide-985 ms-image \" aria-roledescription=\"slide\" data-date=\"2025-07-01 06:49:14\"><img loading=\"lazy\" decoding=\"async\" src=\"https:\/\/ecudocufilm.com\/crisis\/wp-content\/uploads\/2025\/07\/Pelicula-digital-HD-500x500.png\" height=\"500\" width=\"500\" alt=\"\" class=\"slider-983 slide-985 msDefaultImage\" title=\"Pelicula-digital-HD\" \/><\/li>\n                <li style=\"display: none; width: 100%;\" class=\"slide-1151 ms-image \" aria-roledescription=\"slide\" data-date=\"2025-07-04 02:00:10\"><img loading=\"lazy\" decoding=\"async\" src=\"https:\/\/ecudocufilm.com\/crisis\/wp-content\/uploads\/2025\/07\/cocoa1.png\" height=\"500\" width=\"500\" alt=\"\" class=\"slider-983 slide-1151 msDefaultImage\" title=\"cocoa1\" \/><\/li>\n                <li style=\"display: none; width: 100%;\" class=\"slide-1152 ms-image \" aria-roledescription=\"slide\" data-date=\"2025-07-04 02:00:10\"><img loading=\"lazy\" decoding=\"async\" src=\"https:\/\/ecudocufilm.com\/crisis\/wp-content\/uploads\/2025\/07\/cocoa2.png\" height=\"500\" width=\"500\" alt=\"\" class=\"slider-983 slide-1152 msDefaultImage\" title=\"cocoa2\" \/><\/li>\n                <li style=\"display: none; width: 100%;\" class=\"slide-1154 ms-image \" aria-roledescription=\"slide\" data-date=\"2025-07-04 02:00:35\"><img loading=\"lazy\" decoding=\"async\" src=\"https:\/\/ecudocufilm.com\/crisis\/wp-content\/uploads\/2025\/07\/cocoa4.png\" height=\"500\" width=\"500\" alt=\"\" class=\"slider-983 slide-1154 msDefaultImage\" title=\"cocoa4\" \/><\/li>\n            <\/ul>\n        <\/div>\n        \n    <\/div>\n<\/div>\n\n\n\n<p><\/p>\n","protected":false},"excerpt":{"rendered":"<p>Solo un pueblo con memoria sobrevive, menciona Wilma Granda, exdirectora de la Cinemateca Nacional. Cinemateca: lugar donde se preserva la memoria del movimiento, permitiendo contar con un archivo vivo que nos recuerde qui\u00e9nes \u00e9ramos y somos, para as\u00ed poder empujar un &#8216;seremos&#8217;, que cimiente un futuro donde el Ecuador, en palabras de Jorgenrique Adoum, \u00abdeje [&hellip;]<\/p>\n","protected":false},"author":1,"featured_media":508,"parent":0,"menu_order":0,"comment_status":"closed","ping_status":"closed","template":"","meta":{"footnotes":""},"class_list":["post-218","page","type-page","status-publish","has-post-thumbnail","hentry"],"yoast_head":"<!-- This site is optimized with the Yoast SEO plugin v25.9 - https:\/\/yoast.com\/wordpress\/plugins\/seo\/ -->\n<title>El &#039;Nosotros&#039;, un caminar - Ocaso de un Sue\u00f1o<\/title>\n<meta name=\"description\" content=\"Los mundos escondidos de la realidad cinematogr\u00e1fica en el Ecuador y su necesidad de ser vistos para construir un nosotros posible.\" \/>\n<meta name=\"robots\" content=\"index, follow, max-snippet:-1, max-image-preview:large, max-video-preview:-1\" \/>\n<link rel=\"canonical\" href=\"https:\/\/ecudocufilm.com\/crisis\/el-nosotros-un-caminar\/\" \/>\n<meta property=\"og:locale\" content=\"es_ES\" \/>\n<meta property=\"og:type\" content=\"article\" \/>\n<meta property=\"og:title\" content=\"El &#039;Nosotros&#039;, un caminar - Ocaso de un Sue\u00f1o\" \/>\n<meta property=\"og:description\" content=\"Los mundos escondidos de la realidad cinematogr\u00e1fica en el Ecuador y su necesidad de ser vistos para construir un nosotros posible.\" \/>\n<meta property=\"og:url\" content=\"https:\/\/ecudocufilm.com\/crisis\/el-nosotros-un-caminar\/\" \/>\n<meta property=\"og:site_name\" content=\"Ocaso de un Sue\u00f1o\" \/>\n<meta property=\"article:modified_time\" content=\"2025-07-06T23:42:40+00:00\" \/>\n<meta property=\"og:image\" content=\"https:\/\/ecudocufilm.com\/crisis\/wp-content\/uploads\/2025\/06\/2-1024x819.png\" \/>\n\t<meta property=\"og:image:width\" content=\"1024\" \/>\n\t<meta property=\"og:image:height\" content=\"819\" \/>\n\t<meta property=\"og:image:type\" content=\"image\/png\" \/>\n<meta name=\"twitter:card\" content=\"summary_large_image\" \/>\n<meta name=\"twitter:label1\" content=\"Tiempo de lectura\" \/>\n\t<meta name=\"twitter:data1\" content=\"5 minutos\" \/>\n<script type=\"application\/ld+json\" class=\"yoast-schema-graph\">{\"@context\":\"https:\/\/schema.org\",\"@graph\":[{\"@type\":\"WebPage\",\"@id\":\"https:\/\/ecudocufilm.com\/crisis\/el-nosotros-un-caminar\/\",\"url\":\"https:\/\/ecudocufilm.com\/crisis\/el-nosotros-un-caminar\/\",\"name\":\"El 'Nosotros', un caminar - Ocaso de un Sue\u00f1o\",\"isPartOf\":{\"@id\":\"https:\/\/ecudocufilm.com\/crisis\/#website\"},\"primaryImageOfPage\":{\"@id\":\"https:\/\/ecudocufilm.com\/crisis\/el-nosotros-un-caminar\/#primaryimage\"},\"image\":{\"@id\":\"https:\/\/ecudocufilm.com\/crisis\/el-nosotros-un-caminar\/#primaryimage\"},\"thumbnailUrl\":\"https:\/\/ecudocufilm.com\/crisis\/wp-content\/uploads\/2025\/06\/2.png\",\"datePublished\":\"2025-06-26T01:21:58+00:00\",\"dateModified\":\"2025-07-06T23:42:40+00:00\",\"description\":\"Los mundos escondidos de la realidad cinematogr\u00e1fica en el Ecuador y su necesidad de ser vistos para construir un nosotros posible.\",\"breadcrumb\":{\"@id\":\"https:\/\/ecudocufilm.com\/crisis\/el-nosotros-un-caminar\/#breadcrumb\"},\"inLanguage\":\"es\",\"potentialAction\":[{\"@type\":\"ReadAction\",\"target\":[\"https:\/\/ecudocufilm.com\/crisis\/el-nosotros-un-caminar\/\"]}]},{\"@type\":\"ImageObject\",\"inLanguage\":\"es\",\"@id\":\"https:\/\/ecudocufilm.com\/crisis\/el-nosotros-un-caminar\/#primaryimage\",\"url\":\"https:\/\/ecudocufilm.com\/crisis\/wp-content\/uploads\/2025\/06\/2.png\",\"contentUrl\":\"https:\/\/ecudocufilm.com\/crisis\/wp-content\/uploads\/2025\/06\/2.png\",\"width\":1350,\"height\":1080},{\"@type\":\"BreadcrumbList\",\"@id\":\"https:\/\/ecudocufilm.com\/crisis\/el-nosotros-un-caminar\/#breadcrumb\",\"itemListElement\":[{\"@type\":\"ListItem\",\"position\":1,\"name\":\"Portada\",\"item\":\"https:\/\/ecudocufilm.com\/crisis\/\"},{\"@type\":\"ListItem\",\"position\":2,\"name\":\"El &#8216;Nosotros&#8217;, un caminar\"}]},{\"@type\":\"WebSite\",\"@id\":\"https:\/\/ecudocufilm.com\/crisis\/#website\",\"url\":\"https:\/\/ecudocufilm.com\/crisis\/\",\"name\":\"Ocaso de un Sue\u00f1o\",\"description\":\"en el cine ecuatoriano\",\"potentialAction\":[{\"@type\":\"SearchAction\",\"target\":{\"@type\":\"EntryPoint\",\"urlTemplate\":\"https:\/\/ecudocufilm.com\/crisis\/?s={search_term_string}\"},\"query-input\":{\"@type\":\"PropertyValueSpecification\",\"valueRequired\":true,\"valueName\":\"search_term_string\"}}],\"inLanguage\":\"es\"}]}<\/script>\n<!-- \/ Yoast SEO plugin. -->","yoast_head_json":{"title":"El 'Nosotros', un caminar - Ocaso de un Sue\u00f1o","description":"Los mundos escondidos de la realidad cinematogr\u00e1fica en el Ecuador y su necesidad de ser vistos para construir un nosotros posible.","robots":{"index":"index","follow":"follow","max-snippet":"max-snippet:-1","max-image-preview":"max-image-preview:large","max-video-preview":"max-video-preview:-1"},"canonical":"https:\/\/ecudocufilm.com\/crisis\/el-nosotros-un-caminar\/","og_locale":"es_ES","og_type":"article","og_title":"El 'Nosotros', un caminar - Ocaso de un Sue\u00f1o","og_description":"Los mundos escondidos de la realidad cinematogr\u00e1fica en el Ecuador y su necesidad de ser vistos para construir un nosotros posible.","og_url":"https:\/\/ecudocufilm.com\/crisis\/el-nosotros-un-caminar\/","og_site_name":"Ocaso de un Sue\u00f1o","article_modified_time":"2025-07-06T23:42:40+00:00","og_image":[{"width":1024,"height":819,"url":"https:\/\/ecudocufilm.com\/crisis\/wp-content\/uploads\/2025\/06\/2-1024x819.png","type":"image\/png"}],"twitter_card":"summary_large_image","twitter_misc":{"Tiempo de lectura":"5 minutos"},"schema":{"@context":"https:\/\/schema.org","@graph":[{"@type":"WebPage","@id":"https:\/\/ecudocufilm.com\/crisis\/el-nosotros-un-caminar\/","url":"https:\/\/ecudocufilm.com\/crisis\/el-nosotros-un-caminar\/","name":"El 'Nosotros', un caminar - Ocaso de un Sue\u00f1o","isPartOf":{"@id":"https:\/\/ecudocufilm.com\/crisis\/#website"},"primaryImageOfPage":{"@id":"https:\/\/ecudocufilm.com\/crisis\/el-nosotros-un-caminar\/#primaryimage"},"image":{"@id":"https:\/\/ecudocufilm.com\/crisis\/el-nosotros-un-caminar\/#primaryimage"},"thumbnailUrl":"https:\/\/ecudocufilm.com\/crisis\/wp-content\/uploads\/2025\/06\/2.png","datePublished":"2025-06-26T01:21:58+00:00","dateModified":"2025-07-06T23:42:40+00:00","description":"Los mundos escondidos de la realidad cinematogr\u00e1fica en el Ecuador y su necesidad de ser vistos para construir un nosotros posible.","breadcrumb":{"@id":"https:\/\/ecudocufilm.com\/crisis\/el-nosotros-un-caminar\/#breadcrumb"},"inLanguage":"es","potentialAction":[{"@type":"ReadAction","target":["https:\/\/ecudocufilm.com\/crisis\/el-nosotros-un-caminar\/"]}]},{"@type":"ImageObject","inLanguage":"es","@id":"https:\/\/ecudocufilm.com\/crisis\/el-nosotros-un-caminar\/#primaryimage","url":"https:\/\/ecudocufilm.com\/crisis\/wp-content\/uploads\/2025\/06\/2.png","contentUrl":"https:\/\/ecudocufilm.com\/crisis\/wp-content\/uploads\/2025\/06\/2.png","width":1350,"height":1080},{"@type":"BreadcrumbList","@id":"https:\/\/ecudocufilm.com\/crisis\/el-nosotros-un-caminar\/#breadcrumb","itemListElement":[{"@type":"ListItem","position":1,"name":"Portada","item":"https:\/\/ecudocufilm.com\/crisis\/"},{"@type":"ListItem","position":2,"name":"El &#8216;Nosotros&#8217;, un caminar"}]},{"@type":"WebSite","@id":"https:\/\/ecudocufilm.com\/crisis\/#website","url":"https:\/\/ecudocufilm.com\/crisis\/","name":"Ocaso de un Sue\u00f1o","description":"en el cine ecuatoriano","potentialAction":[{"@type":"SearchAction","target":{"@type":"EntryPoint","urlTemplate":"https:\/\/ecudocufilm.com\/crisis\/?s={search_term_string}"},"query-input":{"@type":"PropertyValueSpecification","valueRequired":true,"valueName":"search_term_string"}}],"inLanguage":"es"}]}},"_links":{"self":[{"href":"https:\/\/ecudocufilm.com\/crisis\/wp-json\/wp\/v2\/pages\/218","targetHints":{"allow":["GET"]}}],"collection":[{"href":"https:\/\/ecudocufilm.com\/crisis\/wp-json\/wp\/v2\/pages"}],"about":[{"href":"https:\/\/ecudocufilm.com\/crisis\/wp-json\/wp\/v2\/types\/page"}],"author":[{"embeddable":true,"href":"https:\/\/ecudocufilm.com\/crisis\/wp-json\/wp\/v2\/users\/1"}],"replies":[{"embeddable":true,"href":"https:\/\/ecudocufilm.com\/crisis\/wp-json\/wp\/v2\/comments?post=218"}],"version-history":[{"count":143,"href":"https:\/\/ecudocufilm.com\/crisis\/wp-json\/wp\/v2\/pages\/218\/revisions"}],"predecessor-version":[{"id":1355,"href":"https:\/\/ecudocufilm.com\/crisis\/wp-json\/wp\/v2\/pages\/218\/revisions\/1355"}],"wp:featuredmedia":[{"embeddable":true,"href":"https:\/\/ecudocufilm.com\/crisis\/wp-json\/wp\/v2\/media\/508"}],"wp:attachment":[{"href":"https:\/\/ecudocufilm.com\/crisis\/wp-json\/wp\/v2\/media?parent=218"}],"curies":[{"name":"wp","href":"https:\/\/api.w.org\/{rel}","templated":true}]}}